{"id":14319,"date":"2024-04-10T15:26:56","date_gmt":"2024-04-10T20:26:56","guid":{"rendered":"https:\/\/www.iec2024.ec\/preguntas-frecuentes-simposio\/"},"modified":"2024-04-10T21:53:27","modified_gmt":"2024-04-11T02:53:27","slug":"faqs-symposium","status":"publish","type":"page","link":"https:\/\/www.iec2024.ec\/en\/faqs-symposium\/","title":{"rendered":"Faqs Symposium"},"content":{"rendered":"<p>[vc_row][vc_column]\n\t\t\t<!-- START Preguntas Frecuentes Simposio EN REVOLUTION SLIDER 6.5.31 --><p class=\"rs-p-wp-fix\"><\/p>\n\t\t\t<rs-module-wrap id=\"rev_slider_56_1_wrapper\" data-source=\"gallery\" style=\"visibility:hidden;background:transparent;padding:0;margin:0px auto;margin-top:0;margin-bottom:0;\">\n\t\t\t\t<rs-module id=\"rev_slider_56_1\" style=\"\" data-version=\"6.5.31\">\n\t\t\t\t\t<rs-slides>\n\t\t\t\t\t\t<rs-slide style=\"position: absolute;\" data-key=\"rs-145\" data-title=\"Slide\" data-in=\"o:0;\" data-out=\"a:false;\">\n\t\t\t\t\t\t\t<img decoding=\"async\" src=\"\/\/www.iec2024.ec\/wp-content\/plugins\/revslider\/public\/assets\/assets\/dummy.png\" alt=\"Preguntas frecuentes\" title=\"Preguntas frecuentes\" width=\"2560\" height=\"573\" class=\"rev-slidebg tp-rs-img rs-lazyload\" data-lazyload=\"\/\/www.iec2024.ec\/wp-content\/uploads\/2024\/03\/fondo-faqs.jpg\" data-no-retina>\n<!--\n\t\t\t\t\t\t\t--><rs-layer\n\t\t\t\t\t\t\t\tid=\"slider-56-slide-145-layer-0\" \n\t\t\t\t\t\t\t\tdata-type=\"text\"\n\t\t\t\t\t\t\t\tdata-rsp_ch=\"on\"\n\t\t\t\t\t\t\t\tdata-xy=\"x:c;xo:0,0,1px,0;yo:80px,90px,80px,70px;\"\n\t\t\t\t\t\t\t\tdata-text=\"w:normal;s:32,30,26,24;l:36,36,32,30;fw:700;\"\n\t\t\t\t\t\t\t\tdata-frame_999=\"o:0;st:w;\"\n\t\t\t\t\t\t\t\tstyle=\"z-index:9;font-family:'Readex Pro';\"\n\t\t\t\t\t\t\t>Frequent questions Symposium<br \/>\n \n\t\t\t\t\t\t\t<\/rs-layer><!--\n\n\t\t\t\t\t\t\t--><rs-layer\n\t\t\t\t\t\t\t\tid=\"slider-56-slide-145-layer-1\" \n\t\t\t\t\t\t\t\tdata-type=\"text\"\n\t\t\t\t\t\t\t\tdata-rsp_ch=\"on\"\n\t\t\t\t\t\t\t\tdata-xy=\"x:c;yo:130px,140px,120px,110px;\"\n\t\t\t\t\t\t\t\tdata-text=\"w:normal;s:24,22,18,16;l:30,28,24,22;\"\n\t\t\t\t\t\t\t\tdata-frame_999=\"o:0;st:w;\"\n\t\t\t\t\t\t\t\tstyle=\"z-index:8;font-family:'Readex Pro';\"\n\t\t\t\t\t\t\t>Congreso Eucar\u00edstico Internacional<br \/>\nQuito - Ecuador. Septiembre, 2024 \n\t\t\t\t\t\t\t<\/rs-layer><!--\n-->\t\t\t\t\t\t<\/rs-slide>\n\t\t\t\t\t<\/rs-slides>\n\t\t\t\t<\/rs-module>\n\t\t\t\t<script>\n\t\t\t\t\tsetREVStartSize({c: 'rev_slider_56_1',rl:[1240,1024,778,480],el:[280,260,240,220],gw:[1240,1024,778,480],gh:[280,260,240,220],type:'standard',justify:'',layout:'fullwidth',mh:\"0\"});if (window.RS_MODULES!==undefined && window.RS_MODULES.modules!==undefined && window.RS_MODULES.modules[\"revslider561\"]!==undefined) {window.RS_MODULES.modules[\"revslider561\"].once = false;window.revapi56 = undefined;if (window.RS_MODULES.checkMinimal!==undefined) window.RS_MODULES.checkMinimal()}\n\t\t\t\t<\/script>\n\t\t\t<\/rs-module-wrap>\n\t\t\t<!-- END REVOLUTION SLIDER -->\n[\/vc_column][\/vc_row][vc_row css=&#8221;.vc_custom_1709566329145{margin-top: 30px !important;margin-bottom: 0px !important;background-position: center !important;background-repeat: no-repeat !important;background-size: cover !important;}&#8221; el_class=&#8221;width-1200&#8243;][vc_column width=&#8221;1\/3&#8243;][vc_wp_custommenu nav_menu=&#8221;115&#8243;][vc_column_text css=&#8221;.vc_custom_1712801279502{padding-top: 20px !important;padding-right: 30px !important;padding-bottom: 20px !important;padding-left: 30px !important;background-color: #efeef1 !important;border-radius: 10px !important;}&#8221; el_class=&#8221;cajas-2col&#8221;]<\/p>\n<h5><strong>More information:<\/strong><\/h5>\n<p>Av. Am\u00e9rica N24-59 y Av. La Gasca<br \/>\nTel\u00e9fono: (593) 96 972 1752<br \/>\nFax: (593) 22501429[\/vc_column_text][vc_column_text css=&#8221;.vc_custom_1712801307903{padding-top: 20px !important;padding-right: 30px !important;padding-bottom: 20px !important;padding-left: 30px !important;background-color: #efeef1 !important;border-radius: 10px !important;}&#8221; el_class=&#8221;cajas-2col&#8221;]<\/p>\n<h5><strong>Contact us:<\/strong><\/h5>\n<h6><strong>Informaci\u00f3n:<\/strong><br \/>\ninfo@iec2024.ec<\/h6>\n<h6><strong>Secretaria General:<\/strong><br \/>\nsecretariogeneral@iec2024.ec<\/h6>\n<h6><strong>Logistica:<\/strong><br \/>\nlogistica@iec2024.ec<\/h6>\n<h6><strong>Voluntariado:<\/strong><br \/>\nVoluntariado@iec2024.ec<\/h6>\n<h6><strong>Comunicaci\u00f3n:<\/strong><br \/>\ncomunicaci\u00f3n@iec2024.ec<\/h6>\n<h6><strong>Financiero:<\/strong><br \/>\nfinanciero@iec2024.ec<\/h6>\n<h6><strong>Marketing:<\/strong><br \/>\nmarketing@iec2024.ec<\/h6>\n<h6><strong>Musica:<\/strong><br \/>\ninfomusica@iec2024.ec<\/h6>\n<p>[\/vc_column_text][\/vc_column][vc_column width=&#8221;2\/3&#8243;][vc_tta_accordion c_position=&#8221;right&#8221; active_section=&#8221;1&#8243; collapsible_all=&#8221;true&#8221;][vc_tta_section title=&#8221;\u00bfPara qui\u00e9n est\u00e1 dirigido?&#8221; tab_id=&#8221;faqs-1&#8243;][vc_column_text]Est\u00e1 dirigido a acad\u00e9micos, especialistas en teolog\u00eda, eclesiolog\u00eda, pastoral, formadores y personas interesadas en el estudio de la Eucarist\u00eda y su relaci\u00f3n con la realidad social.[\/vc_column_text][\/vc_tta_section][vc_tta_section title=&#8221;\u00bfCu\u00e1ndo y d\u00f3nde se realizar\u00e1?&#8221; tab_id=&#8221;faqs-2&#8243;][vc_column_text]Del 04 al 07 de septiembre, en la Pontificia Universidad Cat\u00f3lica del Ecuador (PUCE), ubicada en la Av. 12 de octubre y Vicente Ram\u00f3n Roca, Quito. <a href=\"https:\/\/maps.app.goo.gl\/kfSrFRPFsUvN8pzK8\" target=\"_blank\" rel=\"noopener\">https:\/\/maps.app.goo.gl\/kfSrFRPFsUvN8pzK8<\/a>[\/vc_column_text][\/vc_tta_section][vc_tta_section title=&#8221;\u00bfC\u00f3mo y cu\u00e1ndo inscribirse?&#8221; tab_id=&#8221;faqs-3&#8243;][vc_column_text]A trav\u00e9s de nuestra p\u00e1gina web, en el siguiente enlace: <a href=\"https:\/\/www.iec2024.ec\/en\/eucharistic-symposium\/\" target=\"_blank\" rel=\"noopener\">https:\/\/www.iec2024.ec\/simposio-teologico\/<\/a> Las inscripciones se abrir\u00e1n el 2 de abril de 2024, con cupos limitados.[\/vc_column_text][\/vc_tta_section][vc_tta_section title=&#8221;\u00bfC\u00f3mo puedo llegar desde el aeropuerto hasta mi alojamiento?&#8221; tab_id=&#8221;faqs-4&#8243;][vc_column_text]El aeropuerto cuenta con taxis autorizados con tarifa promedio de USD25, as\u00ed como otras aplicaciones de movilizaci\u00f3n.[\/vc_column_text][\/vc_tta_section][vc_tta_section title=&#8221;\u00bfCu\u00e1l es la moneda local?&#8221; tab_id=&#8221;faqs-5&#8243;][vc_column_text]El d\u00f3lar estadounidense.[\/vc_column_text][\/vc_tta_section][vc_tta_section title=&#8221;\u00bfHay alg\u00fan c\u00f3digo de vestimenta sugerido para el Simposio y templos religiosos?&#8221; tab_id=&#8221;faqs-6&#8243;][vc_column_text]Se recomienda vestir decorosamente.<br \/>\nSe solicita mantener comportamiento respetuoso.[\/vc_column_text][\/vc_tta_section][vc_tta_section title=&#8221;\u00bfQu\u00e9 pa\u00edses requieren visa y cu\u00e1les son los requisitos?&#8221; tab_id=&#8221;faqs-7&#8243;][vc_column_text]Mayor informaci\u00f3n sobre visas <a href=\"https:\/\/www.iec2024.ec\/wp-content\/uploads\/2024\/03\/Paises-y-Requerimientos-de-Visa.pdf\">aqu\u00ed<\/a><br \/>\n[\/vc_column_text][\/vc_tta_section][vc_tta_section title=&#8221;\u00bfCu\u00e1les son las opciones de alojamiento recomendadas cerca del lugar del Simposio?&#8221; tab_id=&#8221;faqs-8&#8243;][vc_column_text]Visite los siguientes enlaces para encontrar una sugerencia de hoteles y casas religiosas con condiciones preferenciales.<\/p>\n<p><a href=\"https:\/\/www.iec2024.ec\/en\/religious-houses\/\" target=\"_blank\" rel=\"noopener\">https:\/\/www.iec2024.ec\/casas-religiosas-congreso\/<\/a><br \/>\n<a href=\"https:\/\/www.iec2024.ec\/en\/hotels-congress\/\" target=\"_blank\" rel=\"noopener\">https:\/\/www.iec2024.ec\/hoteles-congreso\/<\/a>[\/vc_column_text][\/vc_tta_section][vc_tta_section title=&#8221;\u00bfC\u00f3mo es el clima en la ciudad de Quito?&#8221; tab_id=&#8221;faqs-9&#8243;][vc_column_text]En septiembre, la temperatura en Quito var\u00eda entre 9\u00ba a 23\u00ba grados cent\u00edgrados (48,2 a 73,4 fahrenheit). Posibles lluvias durante el d\u00eda.[\/vc_column_text][\/vc_tta_section][vc_tta_section title=&#8221;\u00bfCu\u00e1les son las medidas de seguridad en el lugar del Simposio?&#8221; tab_id=&#8221;faqs-10&#8243;][vc_column_text]Quito es un lugar seguro para viajar. As\u00ed tambi\u00e9n contamos con seguridad privada permanente en la Pontificia Universidad Cat\u00f3lica del Ecuador, sede del Simposio.[\/vc_column_text][\/vc_tta_section][vc_tta_section title=&#8221;\u00bfExisten opciones de transporte p\u00fablico eficientes para movilizarse por la ciudad?&#8221; tab_id=&#8221;faqs-11&#8243;][vc_column_text]Existen varios servicios de transporte p\u00fablico, como el Metro y otros sistemas integrados. La parada del Metro m\u00e1s cercana se encuentra a 500 metros de la PUCE. Consulte el mapa del sistema <a href=\"https:\/\/www.quito.gob.ec\/mapa_sistema_transporte.pdf\" target=\"_blank\" rel=\"noopener\">aqu\u00ed<\/a>.[\/vc_column_text][\/vc_tta_section][vc_tta_section title=&#8221;\u00bfHay alg\u00fan n\u00famero de contacto de emergencia que deba tener en cuenta durante mi estancia?&#8221; tab_id=&#8221;faqs-12&#8243;][vc_column_text]Al llegar al Simposio recibir\u00e1 acceso a una App en la que estar\u00e1n habilitados el n\u00famero de emergencia y varios servicios.[\/vc_column_text][\/vc_tta_section][vc_tta_section title=&#8221;\u00bfC\u00f3mo puedo acceder a la informaci\u00f3n actualizada sobre el programa y los oradores del Simposio?&#8221; tab_id=&#8221;faqs-13&#8243;][vc_column_text]Toda la informaci\u00f3n se actualizar\u00e1 en la p\u00e1gina web <a href=\"https:\/\/www.iec2024.ec\/en\/eucharistic-symposium\/\" target=\"_blank\" rel=\"noopener\">https:\/\/www.iec2024.ec\/simposio-teologico\/<\/a> y durante el IEC 2024 en la App.[\/vc_column_text][\/vc_tta_section][vc_tta_section title=&#8221;\u00bfC\u00f3mo puedo obtener el Documento Base?&#8221; tab_id=&#8221;faqs-14&#8243;][vc_column_text]El documento base est\u00e1 disponible en la p\u00e1gina web:<\/p>\n<p><a href=\"https:\/\/www.iec2024.ec\/en\/materials\/\" target=\"_blank\" rel=\"noopener\">https:\/\/www.iec2024.ec\/materiales\/<\/a><\/p>\n<p>Adem\u00e1s, puede comprarlo en las oficinas del IEC 2024, ubicado en la calle Antonio de Ulloa y Avenida Col\u00f3n, en Quito, Ecuador.[\/vc_column_text][\/vc_tta_section][vc_tta_section title=&#8221;\u00bfHabr\u00e1 servicio m\u00e9dico durante el Simposio?&#8221; tab_id=&#8221;faqs-15&#8243;][vc_column_text]S\u00ed, se dispondr\u00e1 de servicio m\u00e9dico.[\/vc_column_text][\/vc_tta_section][vc_tta_section title=&#8221;\u00bfCu\u00e1l es la distancia entre la estaci\u00f3n m\u00e1s cercana del Metro y el lugar del Simposio?&#8221; tab_id=&#8221;faqs-16&#8243;][vc_column_text]De la estaci\u00f3n El Ejido seis cuadras direcci\u00f3n Universidad Cat\u00f3lica.[\/vc_column_text][\/vc_tta_section][vc_tta_section title=&#8221;\u00bfSe ofrecer\u00e1n servicios de traducci\u00f3n durante las conferencias?&#8221; tab_id=&#8221;faqs-17&#8243;][vc_column_text]Se contar\u00e1 con traducci\u00f3n simult\u00e1neas: espa\u00f1ol, ingl\u00e9s e italiano (Este punto a\u00fan est\u00e1 pendiente de confirmar con la PUCE).[\/vc_column_text][\/vc_tta_section][vc_tta_section title=&#8221;\u00bfC\u00f3mo puedo obtener un certificado de participaci\u00f3n del Simposio?&#8221; tab_id=&#8221;faqs-18&#8243;][vc_column_text]Se enviar\u00e1 digitalmente e impreso.[\/vc_column_text][\/vc_tta_section][vc_tta_section title=&#8221;\u00bfSe tendr\u00e1 acceso a internet durante el Simposio?&#8221; tab_id=&#8221;faqs-19&#8243;][vc_column_text]Si se tendr\u00e1 acceso a internet durante el Simposio para los delegados.[\/vc_column_text][\/vc_tta_section][vc_tta_section title=&#8221;\u00bfQu\u00e9 debo hacer si tengo dificultades para conseguir el certificado de validaci\u00f3n para el clero?&#8221; tab_id=&#8221;faqs-20&#8243;][vc_column_text]Comun\u00edquese con el ordinario del lugar o de la congregaci\u00f3n a la que pertenece.[\/vc_column_text][\/vc_tta_section][vc_tta_section title=&#8221;\u00bfQu\u00e9 incluye la inscripci\u00f3n al Simposio?&#8221; tab_id=&#8221;faqs-21&#8243;][vc_column_text]<\/p>\n<ul>\n<li>Ingreso a las actividades del Simposio Teol\u00f3gico.<\/li>\n<li>Participaci\u00f3n de ponencias, testimonios, formaciones y conversatorios.<\/li>\n<li>Participaci\u00f3n en la celebraci\u00f3n de la Liturgia de la Palabra en la Mitad del Mundo. Incluye transporte.<\/li>\n<li>Kit con material did\u00e1ctico del Simposio Teol\u00f3gico Eucar\u00edstico.<\/li>\n<li>App del 53\u00b0 Congreso Eucar\u00edstico Internacional que incluye material informativo.<\/li>\n<li>Contenidos digitales post Simposio.<\/li>\n<li>Almuerzo y refrigerio.<\/li>\n<\/ul>\n<p>[\/vc_column_text][\/vc_tta_section][vc_tta_section title=&#8221;\u00bfQu\u00e9 no incluye la inscripci\u00f3n al Simposio?&#8221; tab_id=&#8221;faqs-22&#8243;][vc_column_text]<\/p>\n<ul>\n<li>Hospedaje.<\/li>\n<li>Desayuno y cena.<\/li>\n<li>Transporte.<\/li>\n<\/ul>\n<p>[\/vc_column_text][\/vc_tta_section][vc_tta_section title=&#8221;\u00bfHay descuentos para la inscripci\u00f3n?&#8221; tab_id=&#8221;faqs-23&#8243;][vc_column_text]El Simposio tendr\u00e1 un costo de 150 d\u00f3lares americanos.[\/vc_column_text][\/vc_tta_section][\/vc_tta_accordion][\/vc_column][\/vc_row]<\/p>\n","protected":false},"excerpt":{"rendered":"<p>[vc_row][vc_column][\/vc_column][\/vc_row][vc_row css=&#8221;.vc_custom_1709566329145{margin-top: 30px !important;margin-bottom: 0px !important;background-position: center !important;background-repeat: no-repeat !important;background-size: cover !important;}&#8221; el_class=&#8221;width-1200&#8243;][vc_column width=&#8221;1\/3&#8243;][vc_wp_custommenu nav_menu=&#8221;115&#8243;][vc_column_text css=&#8221;.vc_custom_1712801279502{padding-top: 20px !important;padding-right: 30px !important;padding-bottom: 20px !important;padding-left: 30px !important;background-color: #efeef1 !important;border-radius: 10px !important;}&#8221; el_class=&#8221;cajas-2col&#8221;] More information: Av. Am\u00e9rica N24-59 y Av. La Gasca Tel\u00e9fono: (593) 96 972 1752 Fax: (593) 22501429[\/vc_column_text][vc_column_text css=&#8221;.vc_custom_1712801307903{padding-top: 20px !important;padding-right: 30px !important;padding-bottom: 20px !important;padding-left: 30px !important;background-color: [&hellip;]<\/p>\n","protected":false},"author":1,"featured_media":0,"parent":0,"menu_order":0,"comment_status":"closed","ping_status":"closed","template":"page-visual-composer.php","meta":{"footnotes":""},"acf":[],"yoast_head":"<!-- This site is optimized with the Yoast SEO plugin v21.1 - https:\/\/yoast.com\/wordpress\/plugins\/seo\/ -->\n<title>Faqs Symposium - IEC 2024<\/title>\n<meta name=\"robots\" content=\"index, follow, max-snippet:-1, max-image-preview:large, max-video-preview:-1\" \/>\n<link rel=\"canonical\" href=\"https:\/\/www.iec2024.ec\/en\/faqs-symposium\/\" \/>\n<meta property=\"og:locale\" content=\"en_US\" \/>\n<meta property=\"og:type\" content=\"article\" \/>\n<meta property=\"og:title\" content=\"Faqs Symposium - IEC 2024\" \/>\n<meta property=\"og:description\" content=\"[vc_row][vc_column][\/vc_column][\/vc_row][vc_row css=&#8221;.vc_custom_1709566329145{margin-top: 30px !important;margin-bottom: 0px !important;background-position: center !important;background-repeat: no-repeat !important;background-size: cover !important;}&#8221; el_class=&#8221;width-1200&#8243;][vc_column width=&#8221;1\/3&#8243;][vc_wp_custommenu nav_menu=&#8221;115&#8243;][vc_column_text css=&#8221;.vc_custom_1712801279502{padding-top: 20px !important;padding-right: 30px !important;padding-bottom: 20px !important;padding-left: 30px !important;background-color: #efeef1 !important;border-radius: 10px !important;}&#8221; el_class=&#8221;cajas-2col&#8221;] More information: Av. Am\u00e9rica N24-59 y Av. La Gasca Tel\u00e9fono: (593) 96 972 1752 Fax: (593) 22501429[\/vc_column_text][vc_column_text css=&#8221;.vc_custom_1712801307903{padding-top: 20px !important;padding-right: 30px !important;padding-bottom: 20px !important;padding-left: 30px !important;background-color: [&hellip;]\" \/>\n<meta property=\"og:url\" content=\"https:\/\/www.iec2024.ec\/en\/faqs-symposium\/\" \/>\n<meta property=\"og:site_name\" content=\"IEC 2024\" \/>\n<meta property=\"article:modified_time\" content=\"2024-04-11T02:53:27+00:00\" \/>\n<meta name=\"twitter:card\" content=\"summary_large_image\" \/>\n<meta name=\"twitter:label1\" content=\"Est. reading time\" \/>\n\t<meta name=\"twitter:data1\" content=\"4 minutes\" \/>\n<script type=\"application\/ld+json\" class=\"yoast-schema-graph\">{\"@context\":\"https:\/\/schema.org\",\"@graph\":[{\"@type\":\"WebPage\",\"@id\":\"https:\/\/www.iec2024.ec\/en\/faqs-symposium\/\",\"url\":\"https:\/\/www.iec2024.ec\/en\/faqs-symposium\/\",\"name\":\"Faqs Symposium - IEC 2024\",\"isPartOf\":{\"@id\":\"https:\/\/www.iec2024.ec\/en\/#website\"},\"datePublished\":\"2024-04-10T20:26:56+00:00\",\"dateModified\":\"2024-04-11T02:53:27+00:00\",\"breadcrumb\":{\"@id\":\"https:\/\/www.iec2024.ec\/en\/faqs-symposium\/#breadcrumb\"},\"inLanguage\":\"en-US\",\"potentialAction\":[{\"@type\":\"ReadAction\",\"target\":[\"https:\/\/www.iec2024.ec\/en\/faqs-symposium\/\"]}]},{\"@type\":\"BreadcrumbList\",\"@id\":\"https:\/\/www.iec2024.ec\/en\/faqs-symposium\/#breadcrumb\",\"itemListElement\":[{\"@type\":\"ListItem\",\"position\":1,\"name\":\"Portada\",\"item\":\"https:\/\/www.iec2024.ec\/en\/\"},{\"@type\":\"ListItem\",\"position\":2,\"name\":\"Faqs Symposium\"}]},{\"@type\":\"WebSite\",\"@id\":\"https:\/\/www.iec2024.ec\/en\/#website\",\"url\":\"https:\/\/www.iec2024.ec\/en\/\",\"name\":\"IEC 2024\",\"description\":\"\",\"publisher\":{\"@id\":\"https:\/\/www.iec2024.ec\/en\/#organization\"},\"potentialAction\":[{\"@type\":\"SearchAction\",\"target\":{\"@type\":\"EntryPoint\",\"urlTemplate\":\"https:\/\/www.iec2024.ec\/en\/?s={search_term_string}\"},\"query-input\":\"required name=search_term_string\"}],\"inLanguage\":\"en-US\"},{\"@type\":\"Organization\",\"@id\":\"https:\/\/www.iec2024.ec\/en\/#organization\",\"name\":\"IEC 2024\",\"url\":\"https:\/\/www.iec2024.ec\/en\/\",\"logo\":{\"@type\":\"ImageObject\",\"inLanguage\":\"en-US\",\"@id\":\"https:\/\/www.iec2024.ec\/en\/#\/schema\/logo\/image\/\",\"url\":\"https:\/\/www.iec2024.ec\/wp-content\/uploads\/2024\/01\/cropped-logo-2024.png\",\"contentUrl\":\"https:\/\/www.iec2024.ec\/wp-content\/uploads\/2024\/01\/cropped-logo-2024.png\",\"width\":1277,\"height\":332,\"caption\":\"IEC 2024\"},\"image\":{\"@id\":\"https:\/\/www.iec2024.ec\/en\/#\/schema\/logo\/image\/\"}}]}<\/script>\n<!-- \/ Yoast SEO plugin. -->","yoast_head_json":{"title":"Faqs Symposium - IEC 2024","robots":{"index":"index","follow":"follow","max-snippet":"max-snippet:-1","max-image-preview":"max-image-preview:large","max-video-preview":"max-video-preview:-1"},"canonical":"https:\/\/www.iec2024.ec\/en\/faqs-symposium\/","og_locale":"en_US","og_type":"article","og_title":"Faqs Symposium - IEC 2024","og_description":"[vc_row][vc_column][\/vc_column][\/vc_row][vc_row css=&#8221;.vc_custom_1709566329145{margin-top: 30px !important;margin-bottom: 0px !important;background-position: center !important;background-repeat: no-repeat !important;background-size: cover !important;}&#8221; el_class=&#8221;width-1200&#8243;][vc_column width=&#8221;1\/3&#8243;][vc_wp_custommenu nav_menu=&#8221;115&#8243;][vc_column_text css=&#8221;.vc_custom_1712801279502{padding-top: 20px !important;padding-right: 30px !important;padding-bottom: 20px !important;padding-left: 30px !important;background-color: #efeef1 !important;border-radius: 10px !important;}&#8221; el_class=&#8221;cajas-2col&#8221;] More information: Av. Am\u00e9rica N24-59 y Av. La Gasca Tel\u00e9fono: (593) 96 972 1752 Fax: (593) 22501429[\/vc_column_text][vc_column_text css=&#8221;.vc_custom_1712801307903{padding-top: 20px !important;padding-right: 30px !important;padding-bottom: 20px !important;padding-left: 30px !important;background-color: [&hellip;]","og_url":"https:\/\/www.iec2024.ec\/en\/faqs-symposium\/","og_site_name":"IEC 2024","article_modified_time":"2024-04-11T02:53:27+00:00","twitter_card":"summary_large_image","twitter_misc":{"Est. reading time":"4 minutes"},"schema":{"@context":"https:\/\/schema.org","@graph":[{"@type":"WebPage","@id":"https:\/\/www.iec2024.ec\/en\/faqs-symposium\/","url":"https:\/\/www.iec2024.ec\/en\/faqs-symposium\/","name":"Faqs Symposium - IEC 2024","isPartOf":{"@id":"https:\/\/www.iec2024.ec\/en\/#website"},"datePublished":"2024-04-10T20:26:56+00:00","dateModified":"2024-04-11T02:53:27+00:00","breadcrumb":{"@id":"https:\/\/www.iec2024.ec\/en\/faqs-symposium\/#breadcrumb"},"inLanguage":"en-US","potentialAction":[{"@type":"ReadAction","target":["https:\/\/www.iec2024.ec\/en\/faqs-symposium\/"]}]},{"@type":"BreadcrumbList","@id":"https:\/\/www.iec2024.ec\/en\/faqs-symposium\/#breadcrumb","itemListElement":[{"@type":"ListItem","position":1,"name":"Portada","item":"https:\/\/www.iec2024.ec\/en\/"},{"@type":"ListItem","position":2,"name":"Faqs Symposium"}]},{"@type":"WebSite","@id":"https:\/\/www.iec2024.ec\/en\/#website","url":"https:\/\/www.iec2024.ec\/en\/","name":"IEC 2024","description":"","publisher":{"@id":"https:\/\/www.iec2024.ec\/en\/#organization"},"potentialAction":[{"@type":"SearchAction","target":{"@type":"EntryPoint","urlTemplate":"https:\/\/www.iec2024.ec\/en\/?s={search_term_string}"},"query-input":"required name=search_term_string"}],"inLanguage":"en-US"},{"@type":"Organization","@id":"https:\/\/www.iec2024.ec\/en\/#organization","name":"IEC 2024","url":"https:\/\/www.iec2024.ec\/en\/","logo":{"@type":"ImageObject","inLanguage":"en-US","@id":"https:\/\/www.iec2024.ec\/en\/#\/schema\/logo\/image\/","url":"https:\/\/www.iec2024.ec\/wp-content\/uploads\/2024\/01\/cropped-logo-2024.png","contentUrl":"https:\/\/www.iec2024.ec\/wp-content\/uploads\/2024\/01\/cropped-logo-2024.png","width":1277,"height":332,"caption":"IEC 2024"},"image":{"@id":"https:\/\/www.iec2024.ec\/en\/#\/schema\/logo\/image\/"}}]}},"_links":{"self":[{"href":"https:\/\/www.iec2024.ec\/en\/wp-json\/wp\/v2\/pages\/14319"}],"collection":[{"href":"https:\/\/www.iec2024.ec\/en\/wp-json\/wp\/v2\/pages"}],"about":[{"href":"https:\/\/www.iec2024.ec\/en\/wp-json\/wp\/v2\/types\/page"}],"author":[{"embeddable":true,"href":"https:\/\/www.iec2024.ec\/en\/wp-json\/wp\/v2\/users\/1"}],"replies":[{"embeddable":true,"href":"https:\/\/www.iec2024.ec\/en\/wp-json\/wp\/v2\/comments?post=14319"}],"version-history":[{"count":3,"href":"https:\/\/www.iec2024.ec\/en\/wp-json\/wp\/v2\/pages\/14319\/revisions"}],"predecessor-version":[{"id":14351,"href":"https:\/\/www.iec2024.ec\/en\/wp-json\/wp\/v2\/pages\/14319\/revisions\/14351"}],"wp:attachment":[{"href":"https:\/\/www.iec2024.ec\/en\/wp-json\/wp\/v2\/media?parent=14319"}],"curies":[{"name":"wp","href":"https:\/\/api.w.org\/{rel}","templated":true}]}}