{"id":5188,"date":"2023-07-11T17:26:47","date_gmt":"2023-07-11T22:26:47","guid":{"rendered":"https:\/\/www.iec2024.ec\/dona-ahora\/"},"modified":"2023-10-12T11:12:38","modified_gmt":"2023-10-12T16:12:38","slug":"donate-adesso","status":"publish","type":"page","link":"https:\/\/www.iec2024.ec\/it\/donate-adesso\/","title":{"rendered":"Donate adesso"},"content":{"rendered":"<p>[vc_row][vc_column]\n\t\t\t<!-- START Dona ahora IT REVOLUTION SLIDER 6.5.31 --><p class=\"rs-p-wp-fix\"><\/p>\n\t\t\t<rs-module-wrap id=\"rev_slider_20_1_wrapper\" data-source=\"gallery\" style=\"visibility:hidden;background:transparent;padding:0;margin:0px auto;margin-top:0;margin-bottom:0;\">\n\t\t\t\t<rs-module id=\"rev_slider_20_1\" style=\"\" data-version=\"6.5.31\">\n\t\t\t\t\t<rs-slides>\n\t\t\t\t\t\t<rs-slide style=\"position: absolute;\" data-key=\"rs-59\" data-title=\"Slide\" data-in=\"o:0;\" data-out=\"a:false;\">\n\t\t\t\t\t\t\t<img decoding=\"async\" src=\"\/\/www.iec2024.ec\/wp-content\/plugins\/revslider\/public\/assets\/assets\/dummy.png\" alt=\"Voluntariado\" title=\"Voluntariado\" width=\"2560\" height=\"729\" class=\"rev-slidebg tp-rs-img rs-lazyload\" data-lazyload=\"\/\/www.iec2024.ec\/wp-content\/uploads\/2023\/07\/fondo-voluntariado.jpg\" data-no-retina>\n<!--\n\t\t\t\t\t\t\t--><rs-layer\n\t\t\t\t\t\t\t\tid=\"slider-20-slide-59-layer-0\" \n\t\t\t\t\t\t\t\tdata-type=\"text\"\n\t\t\t\t\t\t\t\tdata-rsp_ch=\"on\"\n\t\t\t\t\t\t\t\tdata-xy=\"xo:40px,40px,30px,20px;yo:150px,140px,130px,110px;\"\n\t\t\t\t\t\t\t\tdata-text=\"w:normal;s:32,30,26,24;l:36,36,32,30;fw:700;\"\n\t\t\t\t\t\t\t\tdata-frame_999=\"o:0;st:w;\"\n\t\t\t\t\t\t\t\tstyle=\"z-index:10;font-family:'Readex Pro';\"\n\t\t\t\t\t\t\t>Eucaristica internazionale<br \/>\nCongresso IEC 2024 \n\t\t\t\t\t\t\t<\/rs-layer><!--\n\n\t\t\t\t\t\t\t--><rs-layer\n\t\t\t\t\t\t\t\tid=\"slider-20-slide-59-layer-1\" \n\t\t\t\t\t\t\t\tdata-type=\"text\"\n\t\t\t\t\t\t\t\tdata-rsp_ch=\"on\"\n\t\t\t\t\t\t\t\tdata-xy=\"xo:39px,40px,30px,20px;yo:110px,110px,100px,80px;\"\n\t\t\t\t\t\t\t\tdata-text=\"w:normal;s:24,22,18,16;l:30,28,24,22;\"\n\t\t\t\t\t\t\t\tdata-frame_999=\"o:0;st:w;\"\n\t\t\t\t\t\t\t\tstyle=\"z-index:9;font-family:'Readex Pro';\"\n\t\t\t\t\t\t\t>La fraternit\u00e0 per guarire il mondo \n\t\t\t\t\t\t\t<\/rs-layer><!--\n\n\t\t\t\t\t\t\t--><rs-layer\n\t\t\t\t\t\t\t\tid=\"slider-20-slide-59-layer-2\" \n\t\t\t\t\t\t\t\tdata-type=\"text\"\n\t\t\t\t\t\t\t\tdata-rsp_ch=\"on\"\n\t\t\t\t\t\t\t\tdata-xy=\"xo:39px,40px,30px,20px;yo:230px,220px,200px,180px;\"\n\t\t\t\t\t\t\t\tdata-text=\"w:normal;s:24,22,18,16;l:30,28,24,22;\"\n\t\t\t\t\t\t\t\tdata-frame_999=\"o:0;st:w;\"\n\t\t\t\t\t\t\t\tstyle=\"z-index:8;font-family:'Readex Pro';\"\n\t\t\t\t\t\t\t>Quito - Ecuador. Settembre \n\t\t\t\t\t\t\t<\/rs-layer><!--\n-->\t\t\t\t\t\t<\/rs-slide>\n\t\t\t\t\t<\/rs-slides>\n\t\t\t\t<\/rs-module>\n\t\t\t\t<script>\n\t\t\t\t\tsetREVStartSize({c: 'rev_slider_20_1',rl:[1240,1024,778,480],el:[380,360,320,280],gw:[1240,1024,778,480],gh:[380,360,320,280],type:'standard',justify:'',layout:'fullwidth',mh:\"0\"});if (window.RS_MODULES!==undefined && window.RS_MODULES.modules!==undefined && window.RS_MODULES.modules[\"revslider201\"]!==undefined) {window.RS_MODULES.modules[\"revslider201\"].once = false;window.revapi20 = undefined;if (window.RS_MODULES.checkMinimal!==undefined) window.RS_MODULES.checkMinimal()}\n\t\t\t\t<\/script>\n\t\t\t<\/rs-module-wrap>\n\t\t\t<!-- END REVOLUTION SLIDER -->\n[\/vc_column][\/vc_row][vc_row content_placement=&#8221;middle&#8221; css=&#8221;.vc_custom_1690579086403{margin-top: 20px !important;margin-bottom: 0px !important;background-position: center !important;background-repeat: no-repeat !important;background-size: cover !important;}&#8221; el_class=&#8221;width-1200&#8243;][vc_column][vc_column_text css=&#8221;.vc_custom_1697126938765{margin-bottom: 10px !important;}&#8221;]<\/p>\n<h2><strong>Ti stiamo aspettando. Apprezziamo le vostre donazioni.<\/strong><\/h2>\n<p>[\/vc_column_text][\/vc_column][\/vc_row][vc_row content_placement=&#8221;middle&#8221; css=&#8221;.vc_custom_1689343627034{margin-top: 0px !important;margin-bottom: 0px !important;background-position: center !important;background-repeat: no-repeat !important;background-size: cover !important;}&#8221; el_class=&#8221;width-1200&#8243;][vc_column][vc_column_text]<\/p>\n<h3><strong>Perch\u00e9 donare a IEC 2024?<\/strong><\/h3>\n<p>Da quando l\u2019Ecuador ha ricevuto il meraviglioso incarico di ospitare il 53\u00b0 Congresso Eucaristico Internazionale, il Paese, l\u2019America Latina e il mondo si preparano ad accogliere con entusiasmo e devozione questo grande evento che si svolger\u00e0 dall\u20198 al 15 settembre 2024, con il tema \u201cFraternit\u00e0 per guarire il mondo\u201d.<\/p>\n<p>Pertanto, il vostro contributo volontario affinch\u00e9 questo incontro ecclesiale abbia luogo sar\u00e0 un segno della generosit\u00e0 e della fraternit\u00e0 che esiste in noi che crediamo nella fraternit\u00e0 e confidiamo in Ges\u00f9, il Pane vivo disceso dal cielo che rinnova la nostra vita e trasforma i cuori.[\/vc_column_text][vc_column_text]<\/p>\n<h3><strong>Perch\u00e9 donare a IEC 2024?<\/strong><\/h3>\n<p>Per realizzare il Congresso Eucaristico Internazionale, abbiamo bisogno della collaborazione di persone come voi, impegnate nella diffusione e nella promozione della pace e dell&#8217;unione tra i popoli.<\/p>\n<p>Il contributo volontario sosterr\u00e0 lo sviluppo logistico di questo incontro mondiale, dai piccoli e semplici dettagli, all&#8217;organizzazione dei momenti che riuniranno migliaia di persone attorno a Ges\u00f9 Eucaristia. Qualsiasi contributo possiate dare sar\u00e0 di grande aiuto per l&#8217;incontro.[\/vc_column_text][\/vc_column][\/vc_row][vc_row content_placement=&#8221;middle&#8221; css=&#8221;.vc_custom_1689343627034{margin-top: 0px !important;margin-bottom: 0px !important;background-position: center !important;background-repeat: no-repeat !important;background-size: cover !important;}&#8221; el_class=&#8221;width-1200&#8243;][vc_column][vc_row_inner equal_height=&#8221;yes&#8221;][vc_column_inner width=&#8221;1\/3&#8243; css=&#8221;.vc_custom_1690227299512{padding-right: 10px !important;padding-left: 10px !important;}&#8221;][vc_column_text css=&#8221;.vc_custom_1697127055899{margin-bottom: 10px !important;padding-top: 20px !important;padding-right: 20px !important;padding-bottom: 20px !important;padding-left: 20px !important;background-color: #a5b55b !important;border-radius: 10px !important;}&#8221; el_class=&#8221;cajas-3col&#8221;]<\/p>\n<h6 class=\"color-blanco\" style=\"text-align: center;\"><strong>Cuento<br \/>\nBanco Internacional<br \/>\n<\/strong><\/h6>\n<p>[\/vc_column_text][vc_column_text css=&#8221;.vc_custom_1697127080782{padding-top: 20px !important;padding-right: 20px !important;padding-bottom: 20px !important;padding-left: 20px !important;background-color: #f2f2f2 !important;border-radius: 10px !important;}&#8221; el_class=&#8221;cajas-3col&#8221;]<\/p>\n<p style=\"text-align: center;\">Corrente<br \/>\n520603890<br \/>\nCongreso Eucar\u00edstico Internacional IEC2024<br \/>\nRUC:\u00a01793190096001<\/p>\n<p>[\/vc_column_text][\/vc_column_inner][vc_column_inner width=&#8221;1\/3&#8243;][vc_column_text css=&#8221;.vc_custom_1697127088814{margin-bottom: 10px !important;padding-top: 20px !important;padding-right: 20px !important;padding-bottom: 20px !important;padding-left: 20px !important;background-color: #f46036 !important;border-radius: 10px !important;}&#8221; el_class=&#8221;cajas-3col&#8221;]<\/p>\n<h6 class=\"color-blanco\" style=\"text-align: center;\"><strong>Cuento<br \/>\nBanco del Pichincha<br \/>\n<\/strong><\/h6>\n<p>[\/vc_column_text][vc_column_text css=&#8221;.vc_custom_1697127096465{padding-top: 20px !important;padding-right: 20px !important;padding-bottom: 20px !important;padding-left: 20px !important;background-color: #f2f2f2 !important;border-radius: 10px !important;}&#8221; el_class=&#8221;cajas-3col&#8221;]<\/p>\n<p style=\"text-align: center;\">Corrente<br \/>\n2100255587<br \/>\nCongreso Eucar\u00edstico Internacional IEC2024<br \/>\nRUC: 1793190096001<\/p>\n<p>[\/vc_column_text][\/vc_column_inner][vc_column_inner width=&#8221;1\/3&#8243;][vc_column_text css=&#8221;.vc_custom_1697127117877{margin-bottom: 10px !important;padding-top: 20px !important;padding-right: 20px !important;padding-bottom: 20px !important;padding-left: 20px !important;background-color: #18998b !important;border-radius: 10px !important;}&#8221; el_class=&#8221;cajas-3col&#8221;]<\/p>\n<h6 class=\"color-blanco\" style=\"text-align: center;\"><strong>Cuento<br \/>\nBanco de Guayaquil<br \/>\n<\/strong><\/h6>\n<p>[\/vc_column_text][vc_column_text css=&#8221;.vc_custom_1697127107610{padding-top: 20px !important;padding-right: 20px !important;padding-bottom: 20px !important;padding-left: 20px !important;background-color: #f2f2f2 !important;border-radius: 10px !important;}&#8221; el_class=&#8221;cajas-3col&#8221;]<\/p>\n<p style=\"text-align: center;\">Corrente<br \/>\n2100255587<br \/>\nCongreso Eucar\u00edstico Internacional IEC2024<br \/>\nRUC: 1793190096001<\/p>\n<p>[\/vc_column_text][\/vc_column_inner][\/vc_row_inner][\/vc_column][\/vc_row][vc_row content_placement=&#8221;middle&#8221; css=&#8221;.vc_custom_1689343627034{margin-top: 0px !important;margin-bottom: 0px !important;background-position: center !important;background-repeat: no-repeat !important;background-size: cover !important;}&#8221; el_class=&#8221;width-1200&#8243;][vc_column][vc_column_text]<\/p>\n<h3><strong>Come donare a IEC 2024?<\/strong><\/h3>\n<p>Puoi farlo da qualsiasi banca o cooperativa attraverso un bonifico elettronico o a deposito, ricordati di inviare la ricevuta a donations@iec2024.ec, ogni contributo \u00e8 importante per la preparazione del 53\u00b0 Congresso Eucaristico Internazionale. Contiamo su di te![\/vc_column_text][\/vc_column][\/vc_row]<\/p>\n","protected":false},"excerpt":{"rendered":"<p>[vc_row][vc_column][\/vc_column][\/vc_row][vc_row content_placement=&#8221;middle&#8221; css=&#8221;.vc_custom_1690579086403{margin-top: 20px !important;margin-bottom: 0px !important;background-position: center !important;background-repeat: no-repeat !important;background-size: cover !important;}&#8221; el_class=&#8221;width-1200&#8243;][vc_column][vc_column_text css=&#8221;.vc_custom_1697126938765{margin-bottom: 10px !important;}&#8221;] Ti stiamo aspettando. Apprezziamo le vostre donazioni. [\/vc_column_text][\/vc_column][\/vc_row][vc_row content_placement=&#8221;middle&#8221; css=&#8221;.vc_custom_1689343627034{margin-top: 0px !important;margin-bottom: 0px !important;background-position: center !important;background-repeat: no-repeat !important;background-size: cover !important;}&#8221; el_class=&#8221;width-1200&#8243;][vc_column][vc_column_text] Perch\u00e9 donare a IEC 2024? Da quando l\u2019Ecuador ha ricevuto il meraviglioso incarico di ospitare il 53\u00b0 [&hellip;]<\/p>\n","protected":false},"author":1,"featured_media":0,"parent":0,"menu_order":0,"comment_status":"closed","ping_status":"closed","template":"page-visual-composer.php","meta":{"footnotes":""},"acf":[],"yoast_head":"<!-- This site is optimized with the Yoast SEO plugin v21.1 - https:\/\/yoast.com\/wordpress\/plugins\/seo\/ -->\n<title>Donate adesso - IEC 2024<\/title>\n<meta name=\"robots\" content=\"index, follow, max-snippet:-1, max-image-preview:large, max-video-preview:-1\" \/>\n<link rel=\"canonical\" href=\"https:\/\/www.iec2024.ec\/it\/donate-adesso\/\" \/>\n<meta property=\"og:locale\" content=\"it_IT\" \/>\n<meta property=\"og:type\" content=\"article\" \/>\n<meta property=\"og:title\" content=\"Donate adesso - IEC 2024\" \/>\n<meta property=\"og:description\" content=\"[vc_row][vc_column][\/vc_column][\/vc_row][vc_row content_placement=&#8221;middle&#8221; css=&#8221;.vc_custom_1690579086403{margin-top: 20px !important;margin-bottom: 0px !important;background-position: center !important;background-repeat: no-repeat !important;background-size: cover !important;}&#8221; el_class=&#8221;width-1200&#8243;][vc_column][vc_column_text css=&#8221;.vc_custom_1697126938765{margin-bottom: 10px !important;}&#8221;] Ti stiamo aspettando. Apprezziamo le vostre donazioni. [\/vc_column_text][\/vc_column][\/vc_row][vc_row content_placement=&#8221;middle&#8221; css=&#8221;.vc_custom_1689343627034{margin-top: 0px !important;margin-bottom: 0px !important;background-position: center !important;background-repeat: no-repeat !important;background-size: cover !important;}&#8221; el_class=&#8221;width-1200&#8243;][vc_column][vc_column_text] Perch\u00e9 donare a IEC 2024? Da quando l\u2019Ecuador ha ricevuto il meraviglioso incarico di ospitare il 53\u00b0 [&hellip;]\" \/>\n<meta property=\"og:url\" content=\"https:\/\/www.iec2024.ec\/it\/donate-adesso\/\" \/>\n<meta property=\"og:site_name\" content=\"IEC 2024\" \/>\n<meta property=\"article:modified_time\" content=\"2023-10-12T16:12:38+00:00\" \/>\n<meta name=\"twitter:card\" content=\"summary_large_image\" \/>\n<meta name=\"twitter:label1\" content=\"Tempo di lettura stimato\" \/>\n\t<meta name=\"twitter:data1\" content=\"2 minuti\" \/>\n<script type=\"application\/ld+json\" class=\"yoast-schema-graph\">{\"@context\":\"https:\/\/schema.org\",\"@graph\":[{\"@type\":\"WebPage\",\"@id\":\"https:\/\/www.iec2024.ec\/it\/donate-adesso\/\",\"url\":\"https:\/\/www.iec2024.ec\/it\/donate-adesso\/\",\"name\":\"Donate adesso - IEC 2024\",\"isPartOf\":{\"@id\":\"https:\/\/www.iec2024.ec\/it\/#website\"},\"datePublished\":\"2023-07-11T22:26:47+00:00\",\"dateModified\":\"2023-10-12T16:12:38+00:00\",\"breadcrumb\":{\"@id\":\"https:\/\/www.iec2024.ec\/it\/donate-adesso\/#breadcrumb\"},\"inLanguage\":\"it-IT\",\"potentialAction\":[{\"@type\":\"ReadAction\",\"target\":[\"https:\/\/www.iec2024.ec\/it\/donate-adesso\/\"]}]},{\"@type\":\"BreadcrumbList\",\"@id\":\"https:\/\/www.iec2024.ec\/it\/donate-adesso\/#breadcrumb\",\"itemListElement\":[{\"@type\":\"ListItem\",\"position\":1,\"name\":\"Portada\",\"item\":\"https:\/\/www.iec2024.ec\/it\/\"},{\"@type\":\"ListItem\",\"position\":2,\"name\":\"Donate adesso\"}]},{\"@type\":\"WebSite\",\"@id\":\"https:\/\/www.iec2024.ec\/it\/#website\",\"url\":\"https:\/\/www.iec2024.ec\/it\/\",\"name\":\"IEC 2024\",\"description\":\"\",\"publisher\":{\"@id\":\"https:\/\/www.iec2024.ec\/it\/#organization\"},\"potentialAction\":[{\"@type\":\"SearchAction\",\"target\":{\"@type\":\"EntryPoint\",\"urlTemplate\":\"https:\/\/www.iec2024.ec\/it\/?s={search_term_string}\"},\"query-input\":\"required name=search_term_string\"}],\"inLanguage\":\"it-IT\"},{\"@type\":\"Organization\",\"@id\":\"https:\/\/www.iec2024.ec\/it\/#organization\",\"name\":\"IEC 2024\",\"url\":\"https:\/\/www.iec2024.ec\/it\/\",\"logo\":{\"@type\":\"ImageObject\",\"inLanguage\":\"it-IT\",\"@id\":\"https:\/\/www.iec2024.ec\/it\/#\/schema\/logo\/image\/\",\"url\":\"https:\/\/www.iec2024.ec\/wp-content\/uploads\/2024\/01\/cropped-logo-2024.png\",\"contentUrl\":\"https:\/\/www.iec2024.ec\/wp-content\/uploads\/2024\/01\/cropped-logo-2024.png\",\"width\":1277,\"height\":332,\"caption\":\"IEC 2024\"},\"image\":{\"@id\":\"https:\/\/www.iec2024.ec\/it\/#\/schema\/logo\/image\/\"}}]}<\/script>\n<!-- \/ Yoast SEO plugin. -->","yoast_head_json":{"title":"Donate adesso - IEC 2024","robots":{"index":"index","follow":"follow","max-snippet":"max-snippet:-1","max-image-preview":"max-image-preview:large","max-video-preview":"max-video-preview:-1"},"canonical":"https:\/\/www.iec2024.ec\/it\/donate-adesso\/","og_locale":"it_IT","og_type":"article","og_title":"Donate adesso - IEC 2024","og_description":"[vc_row][vc_column][\/vc_column][\/vc_row][vc_row content_placement=&#8221;middle&#8221; css=&#8221;.vc_custom_1690579086403{margin-top: 20px !important;margin-bottom: 0px !important;background-position: center !important;background-repeat: no-repeat !important;background-size: cover !important;}&#8221; el_class=&#8221;width-1200&#8243;][vc_column][vc_column_text css=&#8221;.vc_custom_1697126938765{margin-bottom: 10px !important;}&#8221;] Ti stiamo aspettando. Apprezziamo le vostre donazioni. [\/vc_column_text][\/vc_column][\/vc_row][vc_row content_placement=&#8221;middle&#8221; css=&#8221;.vc_custom_1689343627034{margin-top: 0px !important;margin-bottom: 0px !important;background-position: center !important;background-repeat: no-repeat !important;background-size: cover !important;}&#8221; el_class=&#8221;width-1200&#8243;][vc_column][vc_column_text] Perch\u00e9 donare a IEC 2024? Da quando l\u2019Ecuador ha ricevuto il meraviglioso incarico di ospitare il 53\u00b0 [&hellip;]","og_url":"https:\/\/www.iec2024.ec\/it\/donate-adesso\/","og_site_name":"IEC 2024","article_modified_time":"2023-10-12T16:12:38+00:00","twitter_card":"summary_large_image","twitter_misc":{"Tempo di lettura stimato":"2 minuti"},"schema":{"@context":"https:\/\/schema.org","@graph":[{"@type":"WebPage","@id":"https:\/\/www.iec2024.ec\/it\/donate-adesso\/","url":"https:\/\/www.iec2024.ec\/it\/donate-adesso\/","name":"Donate adesso - IEC 2024","isPartOf":{"@id":"https:\/\/www.iec2024.ec\/it\/#website"},"datePublished":"2023-07-11T22:26:47+00:00","dateModified":"2023-10-12T16:12:38+00:00","breadcrumb":{"@id":"https:\/\/www.iec2024.ec\/it\/donate-adesso\/#breadcrumb"},"inLanguage":"it-IT","potentialAction":[{"@type":"ReadAction","target":["https:\/\/www.iec2024.ec\/it\/donate-adesso\/"]}]},{"@type":"BreadcrumbList","@id":"https:\/\/www.iec2024.ec\/it\/donate-adesso\/#breadcrumb","itemListElement":[{"@type":"ListItem","position":1,"name":"Portada","item":"https:\/\/www.iec2024.ec\/it\/"},{"@type":"ListItem","position":2,"name":"Donate adesso"}]},{"@type":"WebSite","@id":"https:\/\/www.iec2024.ec\/it\/#website","url":"https:\/\/www.iec2024.ec\/it\/","name":"IEC 2024","description":"","publisher":{"@id":"https:\/\/www.iec2024.ec\/it\/#organization"},"potentialAction":[{"@type":"SearchAction","target":{"@type":"EntryPoint","urlTemplate":"https:\/\/www.iec2024.ec\/it\/?s={search_term_string}"},"query-input":"required name=search_term_string"}],"inLanguage":"it-IT"},{"@type":"Organization","@id":"https:\/\/www.iec2024.ec\/it\/#organization","name":"IEC 2024","url":"https:\/\/www.iec2024.ec\/it\/","logo":{"@type":"ImageObject","inLanguage":"it-IT","@id":"https:\/\/www.iec2024.ec\/it\/#\/schema\/logo\/image\/","url":"https:\/\/www.iec2024.ec\/wp-content\/uploads\/2024\/01\/cropped-logo-2024.png","contentUrl":"https:\/\/www.iec2024.ec\/wp-content\/uploads\/2024\/01\/cropped-logo-2024.png","width":1277,"height":332,"caption":"IEC 2024"},"image":{"@id":"https:\/\/www.iec2024.ec\/it\/#\/schema\/logo\/image\/"}}]}},"_links":{"self":[{"href":"https:\/\/www.iec2024.ec\/it\/wp-json\/wp\/v2\/pages\/5188"}],"collection":[{"href":"https:\/\/www.iec2024.ec\/it\/wp-json\/wp\/v2\/pages"}],"about":[{"href":"https:\/\/www.iec2024.ec\/it\/wp-json\/wp\/v2\/types\/page"}],"author":[{"embeddable":true,"href":"https:\/\/www.iec2024.ec\/it\/wp-json\/wp\/v2\/users\/1"}],"replies":[{"embeddable":true,"href":"https:\/\/www.iec2024.ec\/it\/wp-json\/wp\/v2\/comments?post=5188"}],"version-history":[{"count":3,"href":"https:\/\/www.iec2024.ec\/it\/wp-json\/wp\/v2\/pages\/5188\/revisions"}],"predecessor-version":[{"id":7396,"href":"https:\/\/www.iec2024.ec\/it\/wp-json\/wp\/v2\/pages\/5188\/revisions\/7396"}],"wp:attachment":[{"href":"https:\/\/www.iec2024.ec\/it\/wp-json\/wp\/v2\/media?parent=5188"}],"curies":[{"name":"wp","href":"https:\/\/api.w.org\/{rel}","templated":true}]}}